{"id":4016,"date":"2026-04-14T09:22:36","date_gmt":"2026-04-14T07:22:36","guid":{"rendered":"https:\/\/boomering.eu\/?page_id=4016"},"modified":"2026-04-29T10:38:29","modified_gmt":"2026-04-29T08:38:29","slug":"hello-boomer","status":"publish","type":"page","link":"https:\/\/boomering.eu\/en\/hello-boomer\/","title":{"rendered":"Hello boomer!"},"content":{"rendered":"\n<style type=\"text\/css\" data-created_by=\"avia_inline_auto\" id=\"style-css-av-mh0grjui-9a4398cc998e3bacb25dec09977fa599\">\n.avia-section.av-mh0grjui-9a4398cc998e3bacb25dec09977fa599{\nbackground-color:#000f32;\nbackground-repeat:no-repeat;\nbackground-image:url(https:\/\/boomering.eu\/en\/wp-content\/uploads\/sites\/3\/2026\/04\/image-19-300x269.png), linear-gradient( to bottom, #000f32, #492b43, #492b43 );\nbackground-position:50% 0%;\nbackground-attachment:fixed;\n}\n<\/style>\n<div id='av_section_1'  class='avia-section av-mh0grjui-9a4398cc998e3bacb25dec09977fa599 main_color avia-section-default avia-no-border-styling  avia-builder-el-0  el_before_av_cell_one_third  avia-builder-el-first  avia-full-stretch avia-bg-style-fixed container_wrap fullsize'  data-section-bg-repeat='stretch'><div class='container av-section-cont-open' ><main  role=\"main\" itemprop=\"mainContentOfPage\"  class='template-page content  av-content-full alpha units'><div class='post-entry post-entry-type-page post-entry-4016'><div class='entry-content-wrapper clearfix'>\n<div  class='flex_column av-5ppc8o-144d43c384c1f832c569cf5c27a35748 av_one_fourth  avia-builder-el-1  el_before_av_one_half  avia-builder-el-first  first flex_column_div  '     ><\/div><div  class='flex_column av-xh0zef-e531b3172f0bf5a9358f490206cf4d06 av_one_half  avia-builder-el-2  el_after_av_one_fourth  el_before_av_one_fourth  flex_column_div  '     ><p>\n<style type=\"text\/css\" data-created_by=\"avia_inline_auto\" id=\"style-css-av-mgku4267-a3eee328c8e99dae476f612f25a13c25\">\n.avia-image-container.av-mgku4267-a3eee328c8e99dae476f612f25a13c25 img.avia_image{\nbox-shadow:none;\n}\n.avia-image-container.av-mgku4267-a3eee328c8e99dae476f612f25a13c25 .av-image-caption-overlay-center{\ncolor:#ffffff;\n}\n<\/style>\n<div  class='avia-image-container av-mgku4267-a3eee328c8e99dae476f612f25a13c25 av-styling- avia_animated_image av-animated-when-visible-95 bottom-to-top avia-align-center  avia-builder-el-3  el_before_av_heading  avia-builder-el-first '   itemprop=\"image\" itemscope=\"itemscope\" itemtype=\"https:\/\/schema.org\/ImageObject\" ><div class=\"avia-image-container-inner\"><div class=\"avia-image-overlay-wrap\"><img decoding=\"async\" fetchpriority=\"high\" class='wp-image- avia-img-lazy-loading-not- avia_image ' src=\"https:\/\/boomering.eu\/wp-content\/uploads\/2025\/10\/2025-Boomering_Logo-Suite_White_Big-300x43.webp\" alt='' title=''   itemprop=\"thumbnailUrl\"  \/><\/div><\/div><\/div><br \/>\n\n<style type=\"text\/css\" data-created_by=\"avia_inline_auto\" id=\"style-css-av-mgkulpte-4cf421a5e01e186c5f8c62afd07e62fe\">\n#top .av-special-heading.av-mgkulpte-4cf421a5e01e186c5f8c62afd07e62fe{\npadding-bottom:10px;\ncolor:#ffffff;\n}\nbody .av-special-heading.av-mgkulpte-4cf421a5e01e186c5f8c62afd07e62fe .av-special-heading-tag .heading-char{\nfont-size:25px;\n}\n.av-special-heading.av-mgkulpte-4cf421a5e01e186c5f8c62afd07e62fe .special-heading-inner-border{\nborder-color:#ffffff;\n}\n.av-special-heading.av-mgkulpte-4cf421a5e01e186c5f8c62afd07e62fe .av-subheading{\nfont-size:15px;\ncolor:#f9a73d;\n}\n<\/style>\n<div  class='av-special-heading av-mgkulpte-4cf421a5e01e186c5f8c62afd07e62fe av-special-heading-h1 custom-color-heading blockquote modern-quote modern-centered  avia-builder-el-4  el_after_av_image  avia-builder-el-last '><h1 class='av-special-heading-tag '  itemprop=\"headline\"  >Hello Boomer!<\/h1><div class=\"special-heading-border\"><div class=\"special-heading-inner-border\"><\/div><\/div><\/div><\/p><\/div><div  class='flex_column av-3wldiw-4aa209d3e13df89885a49a2b9e74cff3 av_one_fourth  avia-builder-el-5  el_after_av_one_half  el_before_av_one_full  flex_column_div  '     ><\/div><div  class='flex_column av-2xal2g-c95901e42e401e5d678cb9dc2eedd650 av_one_full  avia-builder-el-6  el_after_av_one_fourth  el_before_av_one_fourth  first flex_column_div  column-top-margin'     ><style type=\"text\/css\" data-created_by=\"avia_inline_auto\" id=\"style-css-av-mgkumigm-da376d522a66526c47827618263cf996\">\n#top .av_textblock_section.av-mgkumigm-da376d522a66526c47827618263cf996 .avia_textblock{\nfont-size:16px;\ncolor:#ffffff;\ntext-align:center;\n}\n<\/style>\n<section  class='av_textblock_section av-mgkumigm-da376d522a66526c47827618263cf996 '   itemscope=\"itemscope\" itemtype=\"https:\/\/schema.org\/CreativeWork\" ><div class='avia_textblock av_inherit_color'  itemprop=\"text\" ><h3 style=\"text-align: center\">Your experience is invaluable.<\/h3>\n<p style=\"text-align: center\"><span style=\"color: #ffffff\">At Boomering, you can share your knowledge, get involved in exciting projects and gain fresh inspiration. Rather than retirement, it means a fresh start on equal terms.Gestalte aktiv mit \u2013 f\u00fcr Dich, f\u00fcr Unternehmen und f\u00fcr eine starke Gemeinschaft.<\/span><\/p>\n<\/div><\/section><\/div><div  class='flex_column av-eg9ajs-678e6a429a8efa53abb742ce5d26e9c5 av_one_fourth  avia-builder-el-8  el_after_av_one_full  el_before_av_one_half  first flex_column_div  column-top-margin'     ><\/div><div  class='flex_column av-1a017c-71f728db284c29804de8f3ae0b3b2afd av_one_half  avia-builder-el-9  el_after_av_one_fourth  el_before_av_one_fourth  flex_column_div  column-top-margin'     ><form action=\"https:\/\/boomering.eu\/en\/hello-boomer\/\" method=\"post\" data-fields-with-error=\"Found errors in the following field(s):\" class=\"avia_ajax_form av-form-labels-visible   avia-builder-el-10  avia-builder-el-no-sibling  av-custom-form-color av-light-form \" data-avia-form-id=\"1\" data-avia-redirect=''  aria-label='Kontaktformular' ><h3 class=''>Join our Boomer Community!<\/h3><fieldset><p class='  first_form  form_element form_fullwidth' id='element_avia_1_1'><label for=\"avia_1_1\">Name <abbr class=\"required\" title=\"required\">*<\/abbr><\/label> <input name=\"avia_1_1\" class=\"text_input is_empty\" type=\"text\" id=\"avia_1_1\" value=\"\" \/><\/p><p class='  first_form  form_element form_fullwidth' id='element_avia_2_1'><label for=\"avia_2_1\">Email address <abbr class=\"required\" title=\"required\">*<\/abbr><\/label> <input name=\"avia_2_1\" class=\"text_input is_email\" type=\"text\" id=\"avia_2_1\" value=\"\" \/><\/p><p class='  first_form  form_element form_fullwidth' id='element_avia_3_1'><label for=\"avia_3_1\">Telephone number<\/label> <input name=\"avia_3_1\" class=\"text_input \" type=\"text\" id=\"avia_3_1\" value=\"\" \/><\/p><p class='  first_form  form_element form_fullwidth' id='element_avia_4_1'><label for=\"avia_4_1\">Professional background \/ recent position <abbr class=\"required\" title=\"required\">*<\/abbr><\/label> <input name=\"avia_4_1\" class=\"text_input is_empty\" type=\"text\" id=\"avia_4_1\" value=\"\" \/><\/p><p class='  first_form  form_element form_fullwidth' id='element_avia_5_1'><label for=\"avia_5_1\">Industry <abbr class=\"required\" title=\"required\">*<\/abbr><\/label> <input name=\"avia_5_1\" class=\"text_input is_empty\" type=\"text\" id=\"avia_5_1\" value=\"\" \/><\/p><p class='  first_form  form_element form_fullwidth' id='element_avia_6_1'><label for=\"avia_6_1\">Current status<\/label><select  name=\"avia_6_1\" class=\"select \" id=\"avia_6_1\"><option  selected=\"selected\" value=''><\/option><option   value='In work'>In work<\/option><option   value='Early retirement'>Early retirement<\/option><option   value='Retirement'>Retirement<\/option><\/select><\/p><p class='  first_form  form_element form_fullwidth' id='element_avia_7_1'><label for=\"avia_7_1\">How did you first hear about Boomering?<\/label><select  name=\"avia_7_1\" class=\"select \" id=\"avia_7_1\"><option  selected=\"selected\" value=''><\/option><option   value='Friends\/family'>Friends\/family<\/option><option   value='Research'>Research<\/option><option   value='Press\/media'>Press\/media<\/option><option   value='Events\/lectures'>Events\/lectures<\/option><option   value='Social media'>Social media<\/option><option   value='Other'>Other<\/option><\/select><\/p><p class='  first_form  form_element form_fullwidth' id='element_avia_8_1'><label for=\"avia_8_1\">LinkedIn profile (if available)<\/label> <input name=\"avia_8_1\" class=\"text_input \" type=\"text\" id=\"avia_8_1\" value=\"\" \/><\/p><p class='  first_form  form_element form_fullwidth' id='element_avia_9_1'><label for=\"avia_9_1\">Postcode Town\/City<\/label> <input name=\"avia_9_1\" class=\"text_input \" type=\"text\" id=\"avia_9_1\" value=\"\" \/><\/p><p class='  first_form  form_element form_fullwidth' id='element_avia_10_1'><label for=\"avia_10_1\">Is there anything else you\u2019d like to share with us? (optional)<\/label> <input name=\"avia_10_1\" class=\"text_input \" type=\"text\" id=\"avia_10_1\" value=\"\" \/><\/p><p class='  first_form  form_element form_fullwidth' id='element_avia_11_1'><input  name=\"avia_11_1\" class=\"input_checkbox is_empty\" type=\"checkbox\" id=\"avia_11_1\" value=\"true\"\/><label class=\"input_checkbox_label\" for=\"avia_11_1\">I agree to the processing of my data for the purposes of pre-registration and contact. <abbr class=\"required\" title=\"required\">*<\/abbr><\/label><\/p><p class='  first_form  form_element form_fullwidth av-last-visible-form-element' id='element_avia_12_1'><input  name=\"avia_12_1\" class=\"input_checkbox \" type=\"checkbox\" id=\"avia_12_1\" value=\"true\"\/><label class=\"input_checkbox_label\" for=\"avia_12_1\">I would like to receive regular updates about Boomering and be kept informed about potential projects.<\/label><\/p><p class=\"hidden\"><input type=\"text\" name=\"avia_13_1\" class=\"hidden \" id=\"avia_13_1\" value=\"\" \/><\/p><p class=\"form_element \"><input type=\"hidden\" value=\"1\" name=\"avia_generated_form1\" \/><input type=\"submit\" value=\"Register now!\" class=\"button\"  data-sending-label=\"Sending\"\/><\/p><\/fieldset><\/form><div id=\"ajaxresponse_1\" class=\"ajaxresponse ajaxresponse_1 hidden\"><\/div><\/div><div  class='flex_column av-bbc7yg-4cbcd2bf06b744d01ed45ca9ade194ba av_one_fourth  avia-builder-el-11  el_after_av_one_half  avia-builder-el-last  flex_column_div  column-top-margin'     ><\/div><\/div><\/div><\/main><!-- close content main element --><\/div><\/div><div id='after_section_1'  class='main_color av_default_container_wrap container_wrap fullsize'  ><div class='container av-section-cont-open' ><div class='template-page content  av-content-full alpha units'><div class='post-entry post-entry-type-page post-entry-4016'><div class='entry-content-wrapper clearfix'>\n<style type=\"text\/css\" data-created_by=\"avia_inline_auto\" id=\"style-css-av-wxjbem-4287c2c7b8fa79f26d83c1a75e1e8edb\">\n.flex_cell.av-wxjbem-4287c2c7b8fa79f26d83c1a75e1e8edb{\nvertical-align:top;\n}\n.responsive #top #wrap_all .flex_cell.av-wxjbem-4287c2c7b8fa79f26d83c1a75e1e8edb{\npadding:70px 50px 70px 50px !important;\n}\n<\/style>\n<div class='flex_cell av-wxjbem-4287c2c7b8fa79f26d83c1a75e1e8edb av-gridrow-cell av_one_third no_margin av-hide-on-mobile  avia-builder-el-12  el_after_av_section  el_before_av_cell_one_third  avia-builder-el-first  content-align-top'  ><div class='flex_cell_inner'><div  class='flex_column av-67ph9z-f29f5bfedcd2b35899dfccec744ea428 av_three_fifth  avia-builder-el-13  avia-builder-el-no-sibling  flex_column_div  column-top-margin'     ><\/div>\n<\/div><\/div><\/p>\n\n<style type=\"text\/css\" data-created_by=\"avia_inline_auto\" id=\"style-css-av-mgkxasmt-479f60683693e966b99d207edf6f44fd\">\n.flex_cell.av-mgkxasmt-479f60683693e966b99d207edf6f44fd{\nvertical-align:top;\n}\n.responsive #top #wrap_all .flex_cell.av-mgkxasmt-479f60683693e966b99d207edf6f44fd{\npadding:70px 50px 70px 50px !important;\n}\n<\/style>\n<div class='flex_cell av-mgkxasmt-479f60683693e966b99d207edf6f44fd av-gridrow-cell av_one_third no_margin av-hide-on-mobile  avia-builder-el-14  el_after_av_cell_one_third  el_before_av_cell_one_third  content-align-top'  ><div class='flex_cell_inner'><div  class='flex_column av-h07h3-971da12d604e6bc5b299d791fbe1c2a0 av_three_fifth  avia-builder-el-15  avia-builder-el-no-sibling  flex_column_div  column-top-margin'     ><\/div>\n<\/div><\/div>\n\n<style type=\"text\/css\" data-created_by=\"avia_inline_auto\" id=\"style-css-av-wxmc7a-fe958b2b00413ffe675aef8ef9ad88ea\">\n.flex_cell.av-wxmc7a-fe958b2b00413ffe675aef8ef9ad88ea{\nvertical-align:top;\n}\n.responsive #top #wrap_all .flex_cell.av-wxmc7a-fe958b2b00413ffe675aef8ef9ad88ea{\npadding:70px 50px 70px 50px !important;\n}\n<\/style>\n<div class='flex_cell av-wxmc7a-fe958b2b00413ffe675aef8ef9ad88ea av-gridrow-cell av_one_third no_margin av-hide-on-mobile  avia-builder-el-16  el_after_av_cell_one_third  el_before_av_cell_one_third  content-align-top'  ><div class='flex_cell_inner'><p><div  class='flex_column av-2g0l3c-af79994cca0fa128f25252f122cd54a3 av_one_fifth  avia-builder-el-17  el_before_av_one_fifth  avia-builder-el-first  flex_column_div  column-top-margin'     ><\/div><br \/>\n<div  class='flex_column av-4quers-f1f6996ef075d52a1e254617b3c5c9ef av_one_fifth  avia-builder-el-18  el_after_av_one_fifth  el_before_av_one_fifth  flex_column_div  column-top-margin'     ><\/div><br \/>\n<div  class='flex_column av-2f3ktk-6c4a53cc249d484d69b402dea2a3ba4b av_one_fifth  avia-builder-el-19  el_after_av_one_fifth  avia-builder-el-last  flex_column_div  column-top-margin'     ><\/div><\/p>\n<\/div><\/div>\n\n<style type=\"text\/css\" data-created_by=\"avia_inline_auto\" id=\"style-css-av-wp0o1y-8c8193946c1f0509e6445063502c4246\">\n.flex_cell.av-wp0o1y-8c8193946c1f0509e6445063502c4246{\nvertical-align:top;\n}\n.responsive #top #wrap_all .flex_cell.av-wp0o1y-8c8193946c1f0509e6445063502c4246{\npadding:70px 50px 70px 50px !important;\n}\n<\/style>\n<div class='flex_cell av-wp0o1y-8c8193946c1f0509e6445063502c4246 av-gridrow-cell av_one_third no_margin av-hide-on-mobile  avia-builder-el-20  el_after_av_cell_one_third  el_before_av_cell_one_third  content-align-top'  ><div class='flex_cell_inner'><\/div><\/div>\n\n<style type=\"text\/css\" data-created_by=\"avia_inline_auto\" id=\"style-css-av-wpavc6-01c1ed98e6d7b10c9b8a9cbbf83b79c9\">\n.flex_cell.av-wpavc6-01c1ed98e6d7b10c9b8a9cbbf83b79c9{\nvertical-align:top;\n}\n.responsive #top #wrap_all .flex_cell.av-wpavc6-01c1ed98e6d7b10c9b8a9cbbf83b79c9{\npadding:70px 50px 70px 50px !important;\n}\n<\/style>\n<div class='flex_cell av-wpavc6-01c1ed98e6d7b10c9b8a9cbbf83b79c9 av-gridrow-cell av_one_third no_margin av-hide-on-mobile  avia-builder-el-21  el_after_av_cell_one_third  avia-builder-el-last  content-align-top'  ><div class='flex_cell_inner'><\/div><\/div>\n","protected":false},"excerpt":{"rendered":"","protected":false},"author":4,"featured_media":0,"parent":0,"menu_order":0,"comment_status":"open","ping_status":"closed","template":"","meta":{"footnotes":""},"class_list":["post-4016","page","type-page","status-publish","hentry"],"_links":{"self":[{"href":"https:\/\/boomering.eu\/en\/wp-json\/wp\/v2\/pages\/4016","targetHints":{"allow":["GET"]}}],"collection":[{"href":"https:\/\/boomering.eu\/en\/wp-json\/wp\/v2\/pages"}],"about":[{"href":"https:\/\/boomering.eu\/en\/wp-json\/wp\/v2\/types\/page"}],"author":[{"embeddable":true,"href":"https:\/\/boomering.eu\/en\/wp-json\/wp\/v2\/users\/4"}],"replies":[{"embeddable":true,"href":"https:\/\/boomering.eu\/en\/wp-json\/wp\/v2\/comments?post=4016"}],"version-history":[{"count":8,"href":"https:\/\/boomering.eu\/en\/wp-json\/wp\/v2\/pages\/4016\/revisions"}],"predecessor-version":[{"id":4117,"href":"https:\/\/boomering.eu\/en\/wp-json\/wp\/v2\/pages\/4016\/revisions\/4117"}],"wp:attachment":[{"href":"https:\/\/boomering.eu\/en\/wp-json\/wp\/v2\/media?parent=4016"}],"curies":[{"name":"wp","href":"https:\/\/api.w.org\/{rel}","templated":true}]}}